{"id":1008,"date":"2013-12-12T22:03:38","date_gmt":"2013-12-12T22:03:38","guid":{"rendered":"http:\/\/www.xn--erzhler-7wa.net\/?page_id=1008"},"modified":"2013-12-12T22:03:38","modified_gmt":"2013-12-12T22:03:38","slug":"quintessenzen-web","status":"publish","type":"page","link":"https:\/\/www.xn--erzhler-7wa.net\/?page_id=1008","title":{"rendered":"Quintessenzen (Web)"},"content":{"rendered":"<p>&#8230; die von Stefan Wallraven und Heiko Kiendl-M\u00fcller so \u00fcberaus gelungen gestaltete und gebaute Website (inclusive aller Sterne und dazugeh\u00f6rigen Texte) findet sich &#8230; <a href=\"http:\/\/www.quintessenzen.net\/\" target=\"_blank\">hier<\/a><\/p>\n","protected":false},"excerpt":{"rendered":"<p>&#8230; die von Stefan Wallraven und Heiko Kiendl-M\u00fcller so \u00fcberaus gelungen gestaltete und gebaute Website (inclusive aller Sterne und dazugeh\u00f6rigen Texte) findet sich &#8230; hier<\/p>\n","protected":false},"author":1,"featured_media":0,"parent":0,"menu_order":0,"comment_status":"open","ping_status":"open","template":"","meta":{"footnotes":""},"_links":{"self":[{"href":"https:\/\/www.xn--erzhler-7wa.net\/index.php?rest_route=\/wp\/v2\/pages\/1008"}],"collection":[{"href":"https:\/\/www.xn--erzhler-7wa.net\/index.php?rest_route=\/wp\/v2\/pages"}],"about":[{"href":"https:\/\/www.xn--erzhler-7wa.net\/index.php?rest_route=\/wp\/v2\/types\/page"}],"author":[{"embeddable":true,"href":"https:\/\/www.xn--erzhler-7wa.net\/index.php?rest_route=\/wp\/v2\/users\/1"}],"replies":[{"embeddable":true,"href":"https:\/\/www.xn--erzhler-7wa.net\/index.php?rest_route=%2Fwp%2Fv2%2Fcomments&post=1008"}],"version-history":[{"count":2,"href":"https:\/\/www.xn--erzhler-7wa.net\/index.php?rest_route=\/wp\/v2\/pages\/1008\/revisions"}],"predecessor-version":[{"id":1011,"href":"https:\/\/www.xn--erzhler-7wa.net\/index.php?rest_route=\/wp\/v2\/pages\/1008\/revisions\/1011"}],"wp:attachment":[{"href":"https:\/\/www.xn--erzhler-7wa.net\/index.php?rest_route=%2Fwp%2Fv2%2Fmedia&parent=1008"}],"curies":[{"name":"wp","href":"https:\/\/api.w.org\/{rel}","templated":true}]}}