{"id":1000,"date":"2013-12-12T21:30:18","date_gmt":"2013-12-12T21:30:18","guid":{"rendered":"http:\/\/www.xn--erzhler-7wa.net\/?page_id=1000"},"modified":"2015-04-21T07:05:40","modified_gmt":"2015-04-21T07:05:40","slug":"ms-fur-anfanger","status":"publish","type":"page","link":"https:\/\/www.xn--erzhler-7wa.net\/?page_id=1000","title":{"rendered":"MS f\u00fcr Anf\u00e4nger (-> Download)"},"content":{"rendered":"<p>Wie gew\u00fcnscht &amp; versprochen anh\u00e4ngend meine paar unma\u00dfgeblichen Anmerkungen zur <strong>MS f\u00fcr Anf\u00e4nger (die keine Fortgeschrittenen werden wollen)<\/strong>.  Ich bitte um Nachsicht, falls sich auch in der nun vorliegenden Fassung &#8222;3C&#8220; immer noch einzelne Tippfehler (oder  gar sachliche Fehler) hartn\u00e4ckig halten und hoffe weiter auf Ihre  Korrekturen, Erg\u00e4nzungen und Richtigstellungen.<\/p>\n<p>M\u00f6gen die paar Seiten auf Ihre gesammelten Fragen Auskunft geben &#8211; und m\u00f6gen sie dem einen oder anderen n\u00fctzen.<\/p>\n<p>Download (pdf): <a href=\"http:\/\/www.xn--erzhler-7wa.net\/wp-content\/uploads\/2013\/12\/MSfAn_V3C2.pdf\">MSfAn_V3C<\/a><\/p>\n<p>P.S.: \u00c4nderungen und Erg\u00e4nzungen gegen\u00fcber den Versionen 1-3B sind  eingef\u00fcgt (13. Dezember 2014); als tragbares e-book gibt\u00b4s den Text auch, f\u00fcr den  Amazon Kindle (lesbar auf allen Rechnern, Tablets oder Smartphones), und zwar per Klick auf das Cover.<\/p>\n<p><a href=\"http:\/\/www.amazon.de\/gp\/product\/B00H7LD5WK\/ref=as_li_qf_sp_asin_il?ie=UTF8&amp;camp=1638&amp;creative=6742&amp;creativeASIN=B00H7LD5WK&amp;linkCode=as2&amp;tag=www119fragede-21\"><img decoding=\"async\" src=\"http:\/\/ws-eu.amazon-adsystem.com\/widgets\/q?_encoding=UTF8&amp;ASIN=B00H7LD5WK&amp;Format=_SL160_&amp;ID=AsinImage&amp;MarketPlace=DE&amp;ServiceVersion=20070822&amp;WS=1&amp;tag=www119fragede-21\" border=\"0\" alt=\"\" \/><\/a><img decoding=\"async\" loading=\"lazy\" style=\"border: none !important; margin: 0px !important;\" src=\"http:\/\/ir-de.amazon-adsystem.com\/e\/ir?t=www119fragede-21&amp;l=as2&amp;o=3&amp;a=B00H7LD5WK\" border=\"0\" alt=\"\" width=\"1\" height=\"1\" \/><\/p>\n<p>Von den 2,99 \u20ac, die das e-book Sie kostet, erreichen mich etwa 2 \u20ac. Was auf diesem Wege an Einnahmen zusammenkommt, leite ich ohne Abzug f\u00fcr den Aufbau von lsms.info weiter.<\/p>\n<p>Hinweis: Die 2015 nochmals angepasste Fassung von &#8222;MSfAn&#8220; ist auch im 340-Seiten-Buch &#8222;Diagnose: unheilbar &#8230;&#8220; enthalten. Wer das e-book dieses Titels besitzt, kann sich das e-book &#8222;MS f\u00fcr Anf\u00e4nger&#8220; sparen. (F\u00fcr <a href=\"http:\/\/www.lsms.info\">lsms<\/a> kann man ja auch anders spenden, siehe dort)<\/p>\n","protected":false},"excerpt":{"rendered":"<p>Wie gew\u00fcnscht &amp; versprochen anh\u00e4ngend meine paar unma\u00dfgeblichen Anmerkungen zur MS f\u00fcr Anf\u00e4nger (die keine Fortgeschrittenen werden wollen). Ich bitte um Nachsicht, falls sich auch in der nun vorliegenden Fassung &#8222;3C&#8220; immer noch einzelne Tippfehler (oder gar sachliche Fehler) hartn\u00e4ckig &hellip; <a href=\"https:\/\/www.xn--erzhler-7wa.net\/?page_id=1000\">Weiterlesen <span class=\"meta-nav\">&rarr;<\/span><\/a><\/p>\n","protected":false},"author":1,"featured_media":0,"parent":0,"menu_order":0,"comment_status":"open","ping_status":"open","template":"","meta":{"footnotes":""},"_links":{"self":[{"href":"https:\/\/www.xn--erzhler-7wa.net\/index.php?rest_route=\/wp\/v2\/pages\/1000"}],"collection":[{"href":"https:\/\/www.xn--erzhler-7wa.net\/index.php?rest_route=\/wp\/v2\/pages"}],"about":[{"href":"https:\/\/www.xn--erzhler-7wa.net\/index.php?rest_route=\/wp\/v2\/types\/page"}],"author":[{"embeddable":true,"href":"https:\/\/www.xn--erzhler-7wa.net\/index.php?rest_route=\/wp\/v2\/users\/1"}],"replies":[{"embeddable":true,"href":"https:\/\/www.xn--erzhler-7wa.net\/index.php?rest_route=%2Fwp%2Fv2%2Fcomments&post=1000"}],"version-history":[{"count":18,"href":"https:\/\/www.xn--erzhler-7wa.net\/index.php?rest_route=\/wp\/v2\/pages\/1000\/revisions"}],"predecessor-version":[{"id":1016,"href":"https:\/\/www.xn--erzhler-7wa.net\/index.php?rest_route=\/wp\/v2\/pages\/1000\/revisions\/1016"}],"wp:attachment":[{"href":"https:\/\/www.xn--erzhler-7wa.net\/index.php?rest_route=%2Fwp%2Fv2%2Fmedia&parent=1000"}],"curies":[{"name":"wp","href":"https:\/\/api.w.org\/{rel}","templated":true}]}}